{"id":36,"date":"2024-09-12T07:31:56","date_gmt":"2024-09-12T07:31:56","guid":{"rendered":"https:\/\/www.tgdhome.com\/quienes-somos\/"},"modified":"2025-03-25T09:51:35","modified_gmt":"2025-03-25T09:51:35","slug":"quienes-somos","status":"publish","type":"page","link":"https:\/\/tgdhome.com\/servicios\/quienes-somos\/","title":{"rendered":"Qui\u00e9nes somos"},"content":{"rendered":"\t\t<div data-elementor-type=\"wp-page\" data-elementor-id=\"36\" class=\"elementor elementor-36\" data-elementor-post-type=\"page\">\n\t\t\t\t<div class=\"elementor-element elementor-element-5dd8cb97 e-flex e-con-boxed e-con e-parent\" data-id=\"5dd8cb97\" data-element_type=\"container\" data-e-type=\"container\">\n\t\t\t\t\t<div class=\"e-con-inner\">\n\t\t<div class=\"elementor-element elementor-element-43deebc4 e-flex e-con-boxed e-con e-child\" data-id=\"43deebc4\" data-element_type=\"container\" data-e-type=\"container\">\n\t\t\t\t\t<div class=\"e-con-inner\">\n\t\t\t\t<div class=\"elementor-element elementor-element-250fa44b elementor-widget elementor-widget-image\" data-id=\"250fa44b\" data-element_type=\"widget\" data-e-type=\"widget\" data-widget_type=\"image.default\">\n\t\t\t\t<div class=\"elementor-widget-container\">\n\t\t\t\t\t\t\t\t\t\t\t\t\t\t\t<img fetchpriority=\"high\" decoding=\"async\" width=\"1920\" height=\"1281\" src=\"https:\/\/tgdhome.com\/servicios\/wp-content\/uploads\/2024\/09\/Quienes_somos.webp\" class=\"attachment-full size-full wp-image-94\" alt=\"\" srcset=\"https:\/\/tgdhome.com\/servicios\/wp-content\/uploads\/2024\/09\/Quienes_somos.webp 1920w, https:\/\/tgdhome.com\/servicios\/wp-content\/uploads\/2024\/09\/Quienes_somos-300x200.webp 300w, https:\/\/tgdhome.com\/servicios\/wp-content\/uploads\/2024\/09\/Quienes_somos-1024x683.webp 1024w, https:\/\/tgdhome.com\/servicios\/wp-content\/uploads\/2024\/09\/Quienes_somos-768x512.webp 768w, https:\/\/tgdhome.com\/servicios\/wp-content\/uploads\/2024\/09\/Quienes_somos-1536x1025.webp 1536w\" sizes=\"(max-width: 1920px) 100vw, 1920px\" \/>\t\t\t\t\t\t\t\t\t\t\t\t\t\t\t<\/div>\n\t\t\t\t<\/div>\n\t\t\t\t\t<\/div>\n\t\t\t\t<\/div>\n\t\t<div class=\"elementor-element elementor-element-74d43df3 e-flex e-con-boxed e-con e-child\" data-id=\"74d43df3\" data-element_type=\"container\" data-e-type=\"container\">\n\t\t\t\t\t<div class=\"e-con-inner\">\n\t\t\t\t<div class=\"elementor-element elementor-element-25e465e3 elementor-widget__width-initial elementor-widget elementor-widget-heading\" data-id=\"25e465e3\" data-element_type=\"widget\" data-e-type=\"widget\" data-widget_type=\"heading.default\">\n\t\t\t\t<div class=\"elementor-widget-container\">\n\t\t\t\t\t<h2 class=\"elementor-heading-title elementor-size-default\">Qui\u00e9nes Somos...<\/h2>\t\t\t\t<\/div>\n\t\t\t\t<\/div>\n\t\t\t\t<div class=\"elementor-element elementor-element-37cec5e0 elementor-widget__width-initial elementor-widget elementor-widget-text-editor\" data-id=\"37cec5e0\" data-element_type=\"widget\" data-e-type=\"widget\" data-widget_type=\"text-editor.default\">\n\t\t\t\t<div class=\"elementor-widget-container\">\n\t\t\t\t\t\t\t\t\t<p><span data-contrast=\"auto\">En <\/span><b><span data-contrast=\"auto\">TDG<\/span><\/b><span data-contrast=\"auto\">, somos m\u00e1s que un portal de marcas alemanas de muebles; somos embajadores de la excelencia en dise\u00f1o y calidad alemana. Desde que iniciamos el proyecto, hemos estado comprometidos con ofrecer muebles que no solo cumplen, sino que superan las expectativas de nuestros clientes en todo el mundo.<\/span><span data-ccp-props=\"{}\">\u00a0<\/span><\/p>\t\t\t\t\t\t\t\t<\/div>\n\t\t\t\t<\/div>\n\t\t\t\t\t<\/div>\n\t\t\t\t<\/div>\n\t\t\t\t\t<\/div>\n\t\t\t\t<\/div>\n\t\t<div class=\"elementor-element elementor-element-4060b1c4 e-flex e-con-boxed e-con e-parent\" data-id=\"4060b1c4\" data-element_type=\"container\" data-e-type=\"container\">\n\t\t\t\t\t<div class=\"e-con-inner\">\n\t\t<div class=\"elementor-element elementor-element-512cc5c8 e-flex e-con-boxed e-con e-child\" data-id=\"512cc5c8\" data-element_type=\"container\" data-e-type=\"container\">\n\t\t\t\t\t<div class=\"e-con-inner\">\n\t\t\t\t<div class=\"elementor-element elementor-element-510bc55c elementor-widget elementor-widget-heading\" data-id=\"510bc55c\" data-element_type=\"widget\" data-e-type=\"widget\" data-widget_type=\"heading.default\">\n\t\t\t\t<div class=\"elementor-widget-container\">\n\t\t\t\t\t<h2 class=\"elementor-heading-title elementor-size-default\">Nuestra Filosof\u00eda <\/h2>\t\t\t\t<\/div>\n\t\t\t\t<\/div>\n\t\t\t\t<div class=\"elementor-element elementor-element-538fc30 elementor-widget__width-initial elementor-widget elementor-widget-text-editor\" data-id=\"538fc30\" data-element_type=\"widget\" data-e-type=\"widget\" data-widget_type=\"text-editor.default\">\n\t\t\t\t<div class=\"elementor-widget-container\">\n\t\t\t\t\t\t\t\t\t<p><span class=\"TextRun SCXW104613890 BCX0\" lang=\"ES-ES\" xml:lang=\"ES-ES\" data-contrast=\"auto\"><span class=\"NormalTextRun SCXW104613890 BCX0\">Creemos que cada hogar merece muebles que combinan funcionalidad, durabilidad y estilo. Por eso, colaboramos con los mejores fabricantes alemanes, conocidos por su precisi\u00f3n y dedicaci\u00f3n al detalle. Cada pieza que fabricamos lleva consigo la esencia de la tradici\u00f3n alemana de excelencia, respaldada por rigurosos certificados de calidad que aseguran su longevidad y rendimiento.<\/span><\/span><span class=\"EOP SCXW104613890 BCX0\" data-ccp-props=\"{}\">\u00a0<\/span><\/p>\t\t\t\t\t\t\t\t<\/div>\n\t\t\t\t<\/div>\n\t\t\t\t\t<\/div>\n\t\t\t\t<\/div>\n\t\t<div class=\"elementor-element elementor-element-707641a e-flex e-con-boxed e-con e-child\" data-id=\"707641a\" data-element_type=\"container\" data-e-type=\"container\">\n\t\t\t\t\t<div class=\"e-con-inner\">\n\t\t\t\t<div class=\"elementor-element elementor-element-996f9ac elementor-widget elementor-widget-image\" data-id=\"996f9ac\" data-element_type=\"widget\" data-e-type=\"widget\" data-widget_type=\"image.default\">\n\t\t\t\t<div class=\"elementor-widget-container\">\n\t\t\t\t\t\t\t\t\t\t\t\t\t\t\t<img decoding=\"async\" width=\"1920\" height=\"1920\" src=\"https:\/\/tgdhome.com\/servicios\/wp-content\/uploads\/2024\/09\/filosofia.webp\" class=\"attachment-full size-full wp-image-93\" alt=\"\" srcset=\"https:\/\/tgdhome.com\/servicios\/wp-content\/uploads\/2024\/09\/filosofia.webp 1920w, https:\/\/tgdhome.com\/servicios\/wp-content\/uploads\/2024\/09\/filosofia-300x300.webp 300w, https:\/\/tgdhome.com\/servicios\/wp-content\/uploads\/2024\/09\/filosofia-1024x1024.webp 1024w, https:\/\/tgdhome.com\/servicios\/wp-content\/uploads\/2024\/09\/filosofia-150x150.webp 150w, https:\/\/tgdhome.com\/servicios\/wp-content\/uploads\/2024\/09\/filosofia-768x768.webp 768w, https:\/\/tgdhome.com\/servicios\/wp-content\/uploads\/2024\/09\/filosofia-1536x1536.webp 1536w\" sizes=\"(max-width: 1920px) 100vw, 1920px\" \/>\t\t\t\t\t\t\t\t\t\t\t\t\t\t\t<\/div>\n\t\t\t\t<\/div>\n\t\t\t\t\t<\/div>\n\t\t\t\t<\/div>\n\t\t\t\t\t<\/div>\n\t\t\t\t<\/div>\n\t\t<div class=\"elementor-element elementor-element-16237c6d e-flex e-con-boxed e-con e-parent\" data-id=\"16237c6d\" data-element_type=\"container\" data-e-type=\"container\">\n\t\t\t\t\t<div class=\"e-con-inner\">\n\t\t<div class=\"elementor-element elementor-element-4782f2cd e-con-full e-flex e-con e-child\" data-id=\"4782f2cd\" data-element_type=\"container\" data-e-type=\"container\">\n\t\t\t\t<div class=\"elementor-element elementor-element-1ebd38f6 elementor-widget elementor-widget-image\" data-id=\"1ebd38f6\" data-element_type=\"widget\" data-e-type=\"widget\" data-widget_type=\"image.default\">\n\t\t\t\t<div class=\"elementor-widget-container\">\n\t\t\t\t\t\t\t\t\t\t\t\t\t\t\t<img decoding=\"async\" width=\"1920\" height=\"1316\" src=\"https:\/\/tgdhome.com\/servicios\/wp-content\/uploads\/2024\/09\/diseno-muebles.webp\" class=\"attachment-full size-full wp-image-92\" alt=\"\" srcset=\"https:\/\/tgdhome.com\/servicios\/wp-content\/uploads\/2024\/09\/diseno-muebles.webp 1920w, https:\/\/tgdhome.com\/servicios\/wp-content\/uploads\/2024\/09\/diseno-muebles-300x206.webp 300w, https:\/\/tgdhome.com\/servicios\/wp-content\/uploads\/2024\/09\/diseno-muebles-1024x702.webp 1024w, https:\/\/tgdhome.com\/servicios\/wp-content\/uploads\/2024\/09\/diseno-muebles-768x526.webp 768w, https:\/\/tgdhome.com\/servicios\/wp-content\/uploads\/2024\/09\/diseno-muebles-1536x1053.webp 1536w\" sizes=\"(max-width: 1920px) 100vw, 1920px\" \/>\t\t\t\t\t\t\t\t\t\t\t\t\t\t\t<\/div>\n\t\t\t\t<\/div>\n\t\t\t\t<\/div>\n\t\t<div class=\"elementor-element elementor-element-418ecf1d e-flex e-con-boxed e-con e-child\" data-id=\"418ecf1d\" data-element_type=\"container\" data-e-type=\"container\">\n\t\t\t\t\t<div class=\"e-con-inner\">\n\t\t\t\t<div class=\"elementor-element elementor-element-74272091 elementor-widget__width-inherit elementor-widget elementor-widget-heading\" data-id=\"74272091\" data-element_type=\"widget\" data-e-type=\"widget\" data-widget_type=\"heading.default\">\n\t\t\t\t<div class=\"elementor-widget-container\">\n\t\t\t\t\t<h2 class=\"elementor-heading-title elementor-size-default\">Innovaci\u00f3n y Dise\u00f1o <\/h2>\t\t\t\t<\/div>\n\t\t\t\t<\/div>\n\t\t\t\t<div class=\"elementor-element elementor-element-5108eb7f elementor-widget elementor-widget-text-editor\" data-id=\"5108eb7f\" data-element_type=\"widget\" data-e-type=\"widget\" data-widget_type=\"text-editor.default\">\n\t\t\t\t<div class=\"elementor-widget-container\">\n\t\t\t\t\t\t\t\t\t<p><span class=\"TextRun SCXW151528539 BCX0\" lang=\"ES-ES\" xml:lang=\"ES-ES\" data-contrast=\"auto\"><span class=\"NormalTextRun SCXW151528539 BCX0\">En <strong>TDG<\/strong>, nos enorgullece ofrecer dos marcas que satisfacen una amplia gama de necesidades: <\/span><\/span><strong><span class=\"TextRun SCXW151528539 BCX0\" lang=\"ES-ES\" xml:lang=\"ES-ES\" data-contrast=\"auto\"><span class=\"SpellingError SCXW151528539 BCX0\">Greenheim<\/span><\/span><\/strong><span class=\"TextRun SCXW151528539 BCX0\" lang=\"ES-ES\" xml:lang=\"ES-ES\" data-contrast=\"auto\"><span class=\"NormalTextRun SCXW151528539 BCX0\"> y <\/span><\/span><strong><span class=\"TextRun SCXW151528539 BCX0\" lang=\"ES-ES\" xml:lang=\"ES-ES\" data-contrast=\"auto\"><span class=\"SpellingError SCXW151528539 BCX0\">Greenhaus<\/span><\/span><\/strong><span class=\"TextRun SCXW151528539 BCX0\" lang=\"ES-ES\" xml:lang=\"ES-ES\" data-contrast=\"auto\"><span class=\"NormalTextRun SCXW151528539 BCX0\">. Desde soluciones de gama media hasta opciones m\u00e1s accesibles, cada mueble est\u00e1 dise\u00f1ado para mejorar tu espacio y adaptarse a tu estilo de vida. Nos enfocamos en crear dise\u00f1os modernos y funcionales que transforman cada ambiente en un lugar especial.<\/span><\/span><span class=\"EOP SCXW151528539 BCX0\" data-ccp-props=\"{}\">\u00a0<\/span><\/p>\t\t\t\t\t\t\t\t<\/div>\n\t\t\t\t<\/div>\n\t\t\t\t\t<\/div>\n\t\t\t\t<\/div>\n\t\t\t\t\t<\/div>\n\t\t\t\t<\/div>\n\t\t<div class=\"elementor-element elementor-element-5381d3a9 e-flex e-con-boxed e-con e-parent\" data-id=\"5381d3a9\" data-element_type=\"container\" data-e-type=\"container\" id=\"eco\">\n\t\t\t\t\t<div class=\"e-con-inner\">\n\t\t<div class=\"elementor-element elementor-element-768a2f45 e-flex e-con-boxed e-con e-child\" data-id=\"768a2f45\" data-element_type=\"container\" data-e-type=\"container\">\n\t\t\t\t\t<div class=\"e-con-inner\">\n\t\t\t\t<div class=\"elementor-element elementor-element-264d6808 elementor-widget elementor-widget-heading\" data-id=\"264d6808\" data-element_type=\"widget\" data-e-type=\"widget\" data-widget_type=\"heading.default\">\n\t\t\t\t<div class=\"elementor-widget-container\">\n\t\t\t\t\t<h2 class=\"elementor-heading-title elementor-size-default\">Servicio de montaje\u200b<\/h2>\t\t\t\t<\/div>\n\t\t\t\t<\/div>\n\t\t\t\t<div class=\"elementor-element elementor-element-1ce56bcc elementor-widget__width-initial elementor-widget elementor-widget-text-editor\" data-id=\"1ce56bcc\" data-element_type=\"widget\" data-e-type=\"widget\" data-widget_type=\"text-editor.default\">\n\t\t\t\t<div class=\"elementor-widget-container\">\n\t\t\t\t\t\t\t\t\t<p>En breve dispondremos del servicio de montaje en nuestro ecommerce.<br \/>Un equipo que estar\u00e1 conformado por expertos profesionales de confianza, <strong>especialistas en el montaje de muebles<\/strong> <strong>alemanes<\/strong>.<\/p>\t\t\t\t\t\t\t\t<\/div>\n\t\t\t\t<\/div>\n\t\t\t\t\t<\/div>\n\t\t\t\t<\/div>\n\t\t<div class=\"elementor-element elementor-element-64941f84 e-flex e-con-boxed e-con e-child\" data-id=\"64941f84\" data-element_type=\"container\" data-e-type=\"container\">\n\t\t\t\t\t<div class=\"e-con-inner\">\n\t\t\t\t<div class=\"elementor-element elementor-element-668f9a4f elementor-widget elementor-widget-image\" data-id=\"668f9a4f\" data-element_type=\"widget\" data-e-type=\"widget\" data-widget_type=\"image.default\">\n\t\t\t\t<div class=\"elementor-widget-container\">\n\t\t\t\t\t\t\t\t\t\t\t\t\t\t\t<img loading=\"lazy\" decoding=\"async\" width=\"2560\" height=\"1707\" src=\"https:\/\/tgdhome.com\/servicios\/wp-content\/uploads\/2025\/03\/man-assembling-white-chair-furniture-home-scaled.jpg\" class=\"attachment-full size-full wp-image-1094\" alt=\"\" srcset=\"https:\/\/tgdhome.com\/servicios\/wp-content\/uploads\/2025\/03\/man-assembling-white-chair-furniture-home-scaled.jpg 2560w, https:\/\/tgdhome.com\/servicios\/wp-content\/uploads\/2025\/03\/man-assembling-white-chair-furniture-home-300x200.jpg 300w, https:\/\/tgdhome.com\/servicios\/wp-content\/uploads\/2025\/03\/man-assembling-white-chair-furniture-home-1024x683.jpg 1024w, https:\/\/tgdhome.com\/servicios\/wp-content\/uploads\/2025\/03\/man-assembling-white-chair-furniture-home-768x512.jpg 768w, https:\/\/tgdhome.com\/servicios\/wp-content\/uploads\/2025\/03\/man-assembling-white-chair-furniture-home-1536x1024.jpg 1536w, https:\/\/tgdhome.com\/servicios\/wp-content\/uploads\/2025\/03\/man-assembling-white-chair-furniture-home-2048x1365.jpg 2048w\" sizes=\"(max-width: 2560px) 100vw, 2560px\" \/>\t\t\t\t\t\t\t\t\t\t\t\t\t\t\t<\/div>\n\t\t\t\t<\/div>\n\t\t\t\t\t<\/div>\n\t\t\t\t<\/div>\n\t\t\t\t\t<\/div>\n\t\t\t\t<\/div>\n\t\t<div class=\"elementor-element elementor-element-2eb883bd e-flex e-con-boxed e-con e-parent\" data-id=\"2eb883bd\" data-element_type=\"container\" data-e-type=\"container\">\n\t\t\t\t\t<div class=\"e-con-inner\">\n\t\t<div class=\"elementor-element elementor-element-6c4c97b e-flex e-con-boxed e-con e-child\" data-id=\"6c4c97b\" data-element_type=\"container\" data-e-type=\"container\">\n\t\t\t\t\t<div class=\"e-con-inner\">\n\t\t\t\t<div class=\"elementor-element elementor-element-285e8b36 elementor-widget elementor-widget-image\" data-id=\"285e8b36\" data-element_type=\"widget\" data-e-type=\"widget\" data-widget_type=\"image.default\">\n\t\t\t\t<div class=\"elementor-widget-container\">\n\t\t\t\t\t\t\t\t\t\t\t\t\t\t\t<img loading=\"lazy\" decoding=\"async\" width=\"1200\" height=\"675\" src=\"https:\/\/tgdhome.com\/servicios\/wp-content\/uploads\/2025\/01\/Le-service-client-son-role-son-fonctionnement-ses-benefices-proprete-1-5c8d8f08.jpeg\" class=\"attachment-full size-full wp-image-472\" alt=\"\" srcset=\"https:\/\/tgdhome.com\/servicios\/wp-content\/uploads\/2025\/01\/Le-service-client-son-role-son-fonctionnement-ses-benefices-proprete-1-5c8d8f08.jpeg 1200w, https:\/\/tgdhome.com\/servicios\/wp-content\/uploads\/2025\/01\/Le-service-client-son-role-son-fonctionnement-ses-benefices-proprete-1-5c8d8f08-300x169.jpeg 300w, https:\/\/tgdhome.com\/servicios\/wp-content\/uploads\/2025\/01\/Le-service-client-son-role-son-fonctionnement-ses-benefices-proprete-1-5c8d8f08-1024x576.jpeg 1024w, https:\/\/tgdhome.com\/servicios\/wp-content\/uploads\/2025\/01\/Le-service-client-son-role-son-fonctionnement-ses-benefices-proprete-1-5c8d8f08-768x432.jpeg 768w\" sizes=\"(max-width: 1200px) 100vw, 1200px\" \/>\t\t\t\t\t\t\t\t\t\t\t\t\t\t\t<\/div>\n\t\t\t\t<\/div>\n\t\t\t\t\t<\/div>\n\t\t\t\t<\/div>\n\t\t<div class=\"elementor-element elementor-element-29ed581f e-flex e-con-boxed e-con e-child\" data-id=\"29ed581f\" data-element_type=\"container\" data-e-type=\"container\">\n\t\t\t\t\t<div class=\"e-con-inner\">\n\t\t\t\t<div class=\"elementor-element elementor-element-45c2540 elementor-widget elementor-widget-heading\" data-id=\"45c2540\" data-element_type=\"widget\" data-e-type=\"widget\" data-widget_type=\"heading.default\">\n\t\t\t\t<div class=\"elementor-widget-container\">\n\t\t\t\t\t<h2 class=\"elementor-heading-title elementor-size-default\">Atenci\u00f3n 24\/7<\/h2>\t\t\t\t<\/div>\n\t\t\t\t<\/div>\n\t\t\t\t<div class=\"elementor-element elementor-element-9e52b90 elementor-widget__width-initial elementor-widget elementor-widget-text-editor\" data-id=\"9e52b90\" data-element_type=\"widget\" data-e-type=\"widget\" data-widget_type=\"text-editor.default\">\n\t\t\t\t<div class=\"elementor-widget-container\">\n\t\t\t\t\t\t\t\t\t<p>La tranquilidad de nuestros clientes es nuestra prioridad.<\/p><p>Por eso, nuestro equipo de atenci\u00f3n al cliente no solo est\u00e1 disponible <strong data-start=\"277\" data-end=\"318\">los 7 d\u00edas de la semana<\/strong>, sino que te ofrece un servicio <strong data-start=\"351\" data-end=\"386\">cercano, personalizado y humano<\/strong>.\u00a0<\/p>\t\t\t\t\t\t\t\t<\/div>\n\t\t\t\t<\/div>\n\t\t\t\t\t<\/div>\n\t\t\t\t<\/div>\n\t\t\t\t\t<\/div>\n\t\t\t\t<\/div>\n\t\t<div class=\"elementor-element elementor-element-08f15c7 e-flex e-con-boxed e-con e-parent\" data-id=\"08f15c7\" data-element_type=\"container\" data-e-type=\"container\">\n\t\t\t\t\t<div class=\"e-con-inner\">\n\t\t<div class=\"elementor-element elementor-element-772102c e-flex e-con-boxed e-con e-child\" data-id=\"772102c\" data-element_type=\"container\" data-e-type=\"container\">\n\t\t\t\t\t<div class=\"e-con-inner\">\n\t\t\t\t<div class=\"elementor-element elementor-element-77a8841 elementor-widget elementor-widget-heading\" data-id=\"77a8841\" data-element_type=\"widget\" data-e-type=\"widget\" data-widget_type=\"heading.default\">\n\t\t\t\t<div class=\"elementor-widget-container\">\n\t\t\t\t\t<h2 class=\"elementor-heading-title elementor-size-default\">Compromiso con la Sostenibilidad <\/h2>\t\t\t\t<\/div>\n\t\t\t\t<\/div>\n\t\t\t\t<div class=\"elementor-element elementor-element-4b44109 elementor-widget__width-initial elementor-widget elementor-widget-text-editor\" data-id=\"4b44109\" data-element_type=\"widget\" data-e-type=\"widget\" data-widget_type=\"text-editor.default\">\n\t\t\t\t<div class=\"elementor-widget-container\">\n\t\t\t\t\t\t\t\t\t<p><span class=\"TextRun SCXW243825903 BCX0\" lang=\"ES-ES\" xml:lang=\"ES-ES\" data-contrast=\"auto\"><span class=\"NormalTextRun SCXW243825903 BCX0\">Adem\u00e1s de nuestra dedicaci\u00f3n a la calidad, estamos profundamente comprometidos con la sostenibilidad. Utilizamos materiales responsables y seguimos pr\u00e1cticas de fabricaci\u00f3n que minimizan nuestro impacto ambiental. Esto refleja nuestro deseo de no solo ofrecer productos excepcionales, sino tambi\u00e9n de contribuir a un futuro m\u00e1s verde.<\/span><\/span><span class=\"EOP SCXW243825903 BCX0\" data-ccp-props=\"{}\">\u00a0<\/span><\/p>\t\t\t\t\t\t\t\t<\/div>\n\t\t\t\t<\/div>\n\t\t\t\t\t<\/div>\n\t\t\t\t<\/div>\n\t\t<div class=\"elementor-element elementor-element-9d61034 e-flex e-con-boxed e-con e-child\" data-id=\"9d61034\" data-element_type=\"container\" data-e-type=\"container\">\n\t\t\t\t\t<div class=\"e-con-inner\">\n\t\t\t\t<div class=\"elementor-element elementor-element-67cebf6 elementor-widget elementor-widget-image\" data-id=\"67cebf6\" data-element_type=\"widget\" data-e-type=\"widget\" data-widget_type=\"image.default\">\n\t\t\t\t<div class=\"elementor-widget-container\">\n\t\t\t\t\t\t\t\t\t\t\t\t\t\t\t<img loading=\"lazy\" decoding=\"async\" width=\"1920\" height=\"1316\" src=\"https:\/\/tgdhome.com\/servicios\/wp-content\/uploads\/2024\/09\/Compromiso-sostenibilidad.webp\" class=\"attachment-full size-full wp-image-90\" alt=\"\" srcset=\"https:\/\/tgdhome.com\/servicios\/wp-content\/uploads\/2024\/09\/Compromiso-sostenibilidad.webp 1920w, https:\/\/tgdhome.com\/servicios\/wp-content\/uploads\/2024\/09\/Compromiso-sostenibilidad-300x206.webp 300w, https:\/\/tgdhome.com\/servicios\/wp-content\/uploads\/2024\/09\/Compromiso-sostenibilidad-1024x702.webp 1024w, https:\/\/tgdhome.com\/servicios\/wp-content\/uploads\/2024\/09\/Compromiso-sostenibilidad-768x526.webp 768w, https:\/\/tgdhome.com\/servicios\/wp-content\/uploads\/2024\/09\/Compromiso-sostenibilidad-1536x1053.webp 1536w\" sizes=\"(max-width: 1920px) 100vw, 1920px\" \/>\t\t\t\t\t\t\t\t\t\t\t\t\t\t\t<\/div>\n\t\t\t\t<\/div>\n\t\t\t\t\t<\/div>\n\t\t\t\t<\/div>\n\t\t\t\t\t<\/div>\n\t\t\t\t<\/div>\n\t\t<div class=\"elementor-element elementor-element-ab4e3c6 e-flex e-con-boxed e-con e-parent\" data-id=\"ab4e3c6\" data-element_type=\"container\" data-e-type=\"container\">\n\t\t\t\t\t<div class=\"e-con-inner\">\n\t\t<div class=\"elementor-element elementor-element-9a45135 e-flex e-con-boxed e-con e-child\" data-id=\"9a45135\" data-element_type=\"container\" data-e-type=\"container\">\n\t\t\t\t\t<div class=\"e-con-inner\">\n\t\t\t\t<div class=\"elementor-element elementor-element-f444fd8 elementor-widget elementor-widget-image\" data-id=\"f444fd8\" data-element_type=\"widget\" data-e-type=\"widget\" data-widget_type=\"image.default\">\n\t\t\t\t<div class=\"elementor-widget-container\">\n\t\t\t\t\t\t\t\t\t\t\t\t\t\t\t<img loading=\"lazy\" decoding=\"async\" width=\"1920\" height=\"1316\" src=\"https:\/\/tgdhome.com\/servicios\/wp-content\/uploads\/2024\/09\/confianza.webp\" class=\"attachment-full size-full wp-image-91\" alt=\"\" srcset=\"https:\/\/tgdhome.com\/servicios\/wp-content\/uploads\/2024\/09\/confianza.webp 1920w, https:\/\/tgdhome.com\/servicios\/wp-content\/uploads\/2024\/09\/confianza-300x206.webp 300w, https:\/\/tgdhome.com\/servicios\/wp-content\/uploads\/2024\/09\/confianza-1024x702.webp 1024w, https:\/\/tgdhome.com\/servicios\/wp-content\/uploads\/2024\/09\/confianza-768x526.webp 768w, https:\/\/tgdhome.com\/servicios\/wp-content\/uploads\/2024\/09\/confianza-1536x1053.webp 1536w\" sizes=\"(max-width: 1920px) 100vw, 1920px\" \/>\t\t\t\t\t\t\t\t\t\t\t\t\t\t\t<\/div>\n\t\t\t\t<\/div>\n\t\t\t\t\t<\/div>\n\t\t\t\t<\/div>\n\t\t<div class=\"elementor-element elementor-element-160da0f e-flex e-con-boxed e-con e-child\" data-id=\"160da0f\" data-element_type=\"container\" data-e-type=\"container\">\n\t\t\t\t\t<div class=\"e-con-inner\">\n\t\t\t\t<div class=\"elementor-element elementor-element-34a03da elementor-widget elementor-widget-heading\" data-id=\"34a03da\" data-element_type=\"widget\" data-e-type=\"widget\" data-widget_type=\"heading.default\">\n\t\t\t\t<div class=\"elementor-widget-container\">\n\t\t\t\t\t<h2 class=\"elementor-heading-title elementor-size-default\">Nuestra Misi\u00f3n \u200b<\/h2>\t\t\t\t<\/div>\n\t\t\t\t<\/div>\n\t\t\t\t<div class=\"elementor-element elementor-element-4dd062d elementor-widget__width-initial elementor-widget elementor-widget-text-editor\" data-id=\"4dd062d\" data-element_type=\"widget\" data-e-type=\"widget\" data-widget_type=\"text-editor.default\">\n\t\t\t\t<div class=\"elementor-widget-container\">\n\t\t\t\t\t\t\t\t\t<p><span data-contrast=\"auto\">Nuestra misi\u00f3n es proporcionar muebles que no solo embellecen los espacios, sino que tambi\u00e9n ofrecen una experiencia inigualable de confort y durabilidad. En <strong>TDG<\/strong>, cada mueble cuenta una historia de calidad y compromiso, dise\u00f1ada para durar y evolucionar con las necesidades de nuestros clientes.<\/span><span data-ccp-props=\"{}\">\u00a0<\/span><\/p>\t\t\t\t\t\t\t\t<\/div>\n\t\t\t\t<\/div>\n\t\t\t\t\t<\/div>\n\t\t\t\t<\/div>\n\t\t\t\t\t<\/div>\n\t\t\t\t<\/div>\n\t\t<div class=\"elementor-element elementor-element-287a3331 e-flex e-con-boxed e-con e-parent\" data-id=\"287a3331\" data-element_type=\"container\" data-e-type=\"container\" data-settings=\"{&quot;background_background&quot;:&quot;classic&quot;}\">\n\t\t\t\t\t<div class=\"e-con-inner\">\n\t\t\t\t<div class=\"elementor-element elementor-element-1aa11c37 elementor-widget elementor-widget-heading\" data-id=\"1aa11c37\" data-element_type=\"widget\" data-e-type=\"widget\" data-widget_type=\"heading.default\">\n\t\t\t\t<div class=\"elementor-widget-container\">\n\t\t\t\t\t<h2 class=\"elementor-heading-title elementor-size-default\">Un Socio de Confianza\u00a0<\/h2>\t\t\t\t<\/div>\n\t\t\t\t<\/div>\n\t\t\t\t<div class=\"elementor-element elementor-element-69f8f819 elementor-widget__width-initial elementor-widget elementor-widget-text-editor\" data-id=\"69f8f819\" data-element_type=\"widget\" data-e-type=\"widget\" data-widget_type=\"text-editor.default\">\n\t\t\t\t<div class=\"elementor-widget-container\">\n\t\t\t\t\t\t\t\t\t<p><span data-contrast=\"auto\">Ya sea que busques la sofisticaci\u00f3n o la funcionalidad, en <strong>TDG<\/strong> encontrar\u00e1s un socio de confianza que se dedica a ofrecer lo mejor en muebles.<\/span><br \/><strong><em>Te invitamos a descubrir la diferencia de trabajar con un portal de empresas alemanas, que valora la precisi\u00f3n, la calidad y el dise\u00f1o.<\/em><\/strong><\/p>\t\t\t\t\t\t\t\t<\/div>\n\t\t\t\t<\/div>\n\t\t\t\t\t<\/div>\n\t\t\t\t<\/div>\n\t\t\t\t<\/div>\n\t\t","protected":false},"excerpt":{"rendered":"<p>Qui\u00e9nes Somos&#8230; En TDG, somos m\u00e1s que un portal de marcas alemanas de muebles; somos embajadores de la excelencia en dise\u00f1o y calidad alemana. Desde que iniciamos el proyecto, hemos estado comprometidos con ofrecer muebles que no solo cumplen, sino que superan las expectativas de nuestros clientes en todo el mundo.\u00a0 Nuestra Filosof\u00eda Creemos que [&hellip;]<\/p>\n","protected":false},"author":1,"featured_media":0,"parent":0,"menu_order":0,"comment_status":"closed","ping_status":"closed","template":"elementor_theme","meta":{"inline_featured_image":false,"footnotes":""},"class_list":["post-36","page","type-page","status-publish","hentry"],"_links":{"self":[{"href":"https:\/\/tgdhome.com\/servicios\/wp-json\/wp\/v2\/pages\/36","targetHints":{"allow":["GET"]}}],"collection":[{"href":"https:\/\/tgdhome.com\/servicios\/wp-json\/wp\/v2\/pages"}],"about":[{"href":"https:\/\/tgdhome.com\/servicios\/wp-json\/wp\/v2\/types\/page"}],"author":[{"embeddable":true,"href":"https:\/\/tgdhome.com\/servicios\/wp-json\/wp\/v2\/users\/1"}],"replies":[{"embeddable":true,"href":"https:\/\/tgdhome.com\/servicios\/wp-json\/wp\/v2\/comments?post=36"}],"version-history":[{"count":53,"href":"https:\/\/tgdhome.com\/servicios\/wp-json\/wp\/v2\/pages\/36\/revisions"}],"predecessor-version":[{"id":1368,"href":"https:\/\/tgdhome.com\/servicios\/wp-json\/wp\/v2\/pages\/36\/revisions\/1368"}],"wp:attachment":[{"href":"https:\/\/tgdhome.com\/servicios\/wp-json\/wp\/v2\/media?parent=36"}],"curies":[{"name":"wp","href":"https:\/\/api.w.org\/{rel}","templated":true}]}}